{"id":1090,"date":"2024-08-06T11:04:36","date_gmt":"2024-08-06T09:04:36","guid":{"rendered":"https:\/\/perjete.com\/?page_id=1090"},"modified":"2024-08-06T15:25:49","modified_gmt":"2024-08-06T13:25:49","slug":"home","status":"publish","type":"page","link":"https:\/\/perjete.com\/?page_id=1090","title":{"rendered":"Home"},"content":{"rendered":"\n<div class=\"wp-block-group alignfull has-background is-layout-flow wp-block-group-is-layout-flow\" style=\"background-color:#2f40ad\">\n<div class=\"wp-block-columns alignwide is-layout-flex wp-container-core-columns-is-layout-28f84493 wp-block-columns-is-layout-flex\" style=\"border-style:none;border-width:0px;border-radius:0px\">\n<div class=\"wp-block-column is-layout-flow wp-container-core-column-is-layout-f8561097 wp-block-column-is-layout-flow\" style=\"padding-top:0;padding-right:0;padding-bottom:0;padding-left:0\">\n<div style=\"height:35vh;width:100%\" class=\"superblockslider \" data-transition-duration=\".6s\" data-animation=\"cubic-bezier(0.46, 0.03, 0.52, 0.96)\" data-autoplay-interval=\"3s\" data-hover-pause=\"false\"><div class=\"superblockslider__window\"><div class=\"superblockslider__track\" style=\"width:200%;transform:translateX(-0.0000%);transition-duration:.6s;transition-timing-function:cubic-bezier(0.46, 0.03, 0.52, 0.96)\">\n<div class=\"wp-block-superblockslider-slide superblockslider__slide superblockslider__slide--active\" data-slide-index=\"0\"><div class=\"superblockslider__slide__bg\"><\/div><div class=\"superblockslider__slide__overlay\"><\/div><div class=\"superblockslider__slide_inner\"><div class=\"inner-blocks\" style=\"overflow:visible\">\n<div class=\"wp-block-group has-border-color has-global-padding is-layout-constrained wp-container-core-group-is-layout-72d38984 wp-block-group-is-layout-constrained has-background\" style=\"border-color:#ffffff;border-width:0.4rem;border-radius:0.8rem;margin-top:0;margin-bottom:0;padding-top:0;padding-right:0;padding-bottom:0;padding-left:0;background-image:url(&apos;https:\/\/perjete.com\/wp-content\/uploads\/2024\/08\/mockup1tablet.png&apos;);background-position:50% 0;background-repeat:no-repeat;background-size:100%;\">\n<p class=\"has-text-align-left has-background\" style=\"background-color:#ffffffdb;margin-top:0;margin-right:0;margin-bottom:0;margin-left:0;padding-top:0;padding-right:0.5rem;padding-bottom:0;padding-left:0.5rem;font-size:0.4rem\"><mark style=\"background-color:rgba(0, 0, 0, 0);color:#bd3939\" class=\"has-inline-color\">\u00b0 <\/mark><mark style=\"background-color:rgba(0, 0, 0, 0);color:#ffbf00\" class=\"has-inline-color\">\u00b0 <\/mark><mark style=\"background-color:rgba(0, 0, 0, 0);color:#11994e\" class=\"has-inline-color\">\u00b0<\/mark>   eliza-liri.com<\/p>\n\n\n\n<div style=\"height:77px\" aria-hidden=\"true\" class=\"wp-block-spacer\"><\/div>\n\n\n\n<div class=\"wp-block-buttons wp-container-content-9cfa9a5a is-content-justification-center is-layout-flex wp-container-core-buttons-is-layout-1f195cdf wp-block-buttons-is-layout-flex\" style=\"margin-top:0;margin-bottom:0\">\n<div class=\"wp-block-button\"><a class=\"wp-block-button__link wp-element-button\">www.eliza-liri.com <img loading=\"lazy\" decoding=\"async\" width=\"20\" height=\"20\" class=\"wp-image-1037\" style=\"width: 20px;\" src=\"https:\/\/perjete.com\/wp-content\/uploads\/2024\/08\/east_24dp_FFFFFF_FILL0_wght400_GRAD0_opsz24.svg\" alt=\"\"><\/a><\/div>\n<\/div>\n\n\n\n<div style=\"height:37px\" aria-hidden=\"true\" class=\"wp-block-spacer\"><\/div>\n<\/div>\n<\/div><\/div><\/div>\n\n\n\n<div class=\"wp-block-superblockslider-slide superblockslider__slide\" data-slide-index=\"1\"><div class=\"superblockslider__slide__bg\"><\/div><div class=\"superblockslider__slide__overlay\"><\/div><div class=\"superblockslider__slide_inner\"><div class=\"inner-blocks\" style=\"overflow:visible\">\n<div class=\"wp-block-group has-border-color has-background has-global-padding is-layout-constrained wp-block-group-is-layout-constrained\" style=\"border-color:#ffffff;border-width:0.4rem;border-radius:0.8rem;background-color:#fe0000;background-image:url(&apos;https:\/\/perjete.com\/wp-content\/uploads\/2024\/08\/mockup1tablet.png&apos;);background-position:50% 0;background-repeat:no-repeat;background-size:100%;\">\n<p class=\"has-text-align-left has-background\" style=\"background-color:#ffffffdb;margin-top:0;margin-right:0;margin-bottom:0;margin-left:0;padding-top:0;padding-right:0.5rem;padding-bottom:0;padding-left:0.5rem;font-size:0.4rem\"><mark style=\"background-color:rgba(0, 0, 0, 0);color:#bd3939\" class=\"has-inline-color\">\u00b0 <\/mark><mark style=\"background-color:rgba(0, 0, 0, 0);color:#ffbf00\" class=\"has-inline-color\">\u00b0 <\/mark><mark style=\"background-color:rgba(0, 0, 0, 0);color:#11994e\" class=\"has-inline-color\">\u00b0<\/mark>   eliza-liri.com<\/p>\n\n\n\n<div style=\"height:100px\" aria-hidden=\"true\" class=\"wp-block-spacer\"><\/div>\n\n\n\n<div class=\"wp-block-buttons alignwide is-content-justification-center is-layout-flex wp-container-core-buttons-is-layout-a89b3969 wp-block-buttons-is-layout-flex\">\n<div class=\"wp-block-button\"><a class=\"wp-block-button__link wp-element-button\">www.kujtimdheajshe.ch<img loading=\"lazy\" decoding=\"async\" width=\"20\" height=\"20\" class=\"wp-image-1037\" style=\"width: 20px;\" src=\"https:\/\/perjete.com\/wp-content\/uploads\/2024\/08\/east_24dp_FFFFFF_FILL0_wght400_GRAD0_opsz24.svg\" alt=\"\"><\/a><\/div>\n<\/div>\n\n\n\n<div style=\"height:26px\" aria-hidden=\"true\" class=\"wp-block-spacer\"><\/div>\n<\/div>\n<\/div><\/div><\/div>\n<\/div><\/div><div class=\"superblockslider__controls superblockslider__buttons\"><button data-button-id=\"0\" aria-label=\"Slide 1\" class=\"superblockslider__button superblockslider__button--active\"><span class=\"superblockslider__button__icon\"><svg width=\"20\" height=\"20\" viewBox=\"0 0 20 20\" xmlns=\"http:\/\/www.w3.org\/2000\/svg\" style=\"fill:#ffffff\"><path d=\"M10 2c4.42 0 8 3.58 8 8s-3.58 8-8 8-8-3.58-8-8 3.58-8 8-8zM10 15c2.76 0 5-2.24 5-5s-2.24-5-5-5-5 2.24-5 5 2.24 5 5 5z\"><\/path><\/svg><\/span><\/button><button data-button-id=\"1\" aria-label=\"Slide 2\" class=\"superblockslider__button\"><span class=\"superblockslider__button__icon\"><svg width=\"20\" height=\"20\" viewBox=\"0 0 20 20\" xmlns=\"http:\/\/www.w3.org\/2000\/svg\" style=\"fill:#ffffff\"><path d=\"M10 2c4.42 0 8 3.58 8 8s-3.58 8-8 8-8-3.58-8-8 3.58-8 8-8zM10 15c2.76 0 5-2.24 5-5s-2.24-5-5-5-5 2.24-5 5 2.24 5 5 5z\"><\/path><\/svg><\/span><\/button><\/div><div class=\"superblockslider__controls superblockslider__navigation\"><button class=\"superblockslider__button__navigation superblockslider__button__previous\" aria-label=\"Previous slide\"><span class=\"superblockslider__button__previous--icon\"><svg width=\"85\" height=\"85\" xmlns=\"http:\/\/www.w3.org\/2000\/svg\" viewBox=\"0 0 85 85\" role=\"img\" aria-hidden=\"true\" focusable=\"false\"><path d=\"M58.3,21.7l-5-4.2l-22.5,25l22.5,25l5-4.2L39.2,42.5L58.3,21.7z\" style=\"fill:#ffffff\"><\/path><\/svg><\/span><\/button><button class=\"superblockslider__button__navigation superblockslider__button__next\" aria-label=\"Next slide\"><span class=\"superblockslider__button__next--icon\"><svg width=\"85\" height=\"85\" xmlns=\"http:\/\/www.w3.org\/2000\/svg\" viewBox=\"0 0 85 85\" role=\"img\" aria-hidden=\"true\" focusable=\"false\"><path d=\"M31.7,17.5l-5,4.2l19.2,20.8L26.7,63.3l5,4.2l22.5-25L31.7,17.5z\" style=\"fill:#ffffff\"><\/path><\/svg><\/span><\/button><\/div><\/div>\n<\/div>\n\n\n\n<div class=\"wp-block-column has-text-color has-link-color wp-elements-7ef2b32fb1aa61dc4ca8508e10b29119 is-layout-flow wp-block-column-is-layout-flow\" style=\"color:#ffffff\">\n<div class=\"wp-block-group has-background is-vertical is-content-justification-center is-layout-flex wp-container-core-group-is-layout-f919d363 wp-block-group-is-layout-flex\" style=\"background-color:#2f40ad;padding-top:var(--wp--preset--spacing--40);padding-right:var(--wp--preset--spacing--40);padding-bottom:var(--wp--preset--spacing--40);padding-left:var(--wp--preset--spacing--40)\">\n<h2 class=\"wp-block-heading has-text-align-center has-text-color has-link-color wp-elements-58e35f6f604fa4613ee6e4c4c043ffe4\" style=\"color:#ffffff\">Ne krijojm\u00eb faqen personale p\u00ebr dasm\u00ebn tuaj!<\/h2>\n\n\n\n<ul style=\"color:#ffffff;line-height:1.75\" class=\"wp-block-list is-style-checkmark-list has-text-color has-link-color wp-elements-93c9082977c17710fa48c9971f0fd0f1\">\n<li>T\u00eb gjitha fotot dhe videot n\u00eb nj\u00eb vend.<\/li>\n\n\n\n<li>Merrni adres\u00eb unike www.<\/li>\n\n\n\n<li>Ndani leht\u00eb kujtimet me t\u00eb af\u00ebrmit.<\/li>\n<\/ul>\n\n\n\n<h4 class=\"wp-block-heading has-text-align-center has-text-color has-link-color wp-elements-79d2760dcdd6f4d8cc9c9001c19e121f\" style=\"color:#ffffff\">A \u00ebsht\u00eb e lir\u00eb adresa juaj e internetit? Kontrolloni tani:<\/h4>\n\n\n<div id=\"wp24-dc-1\" class=\"wp24-dc\"><\/div>\n<\/div>\n<\/div>\n<\/div>\n<\/div>\n","protected":false},"excerpt":{"rendered":"<p>Ne krijojm\u00eb faqen personale p\u00ebr dasm\u00ebn tuaj! A \u00ebsht\u00eb e lir\u00eb adresa juaj e internetit? Kontrolloni tani:<\/p>\n","protected":false},"author":1,"featured_media":0,"parent":0,"menu_order":0,"comment_status":"closed","ping_status":"closed","template":"","meta":{"footnotes":""},"class_list":["post-1090","page","type-page","status-publish","hentry"],"_links":{"self":[{"href":"https:\/\/perjete.com\/index.php?rest_route=\/wp\/v2\/pages\/1090","targetHints":{"allow":["GET"]}}],"collection":[{"href":"https:\/\/perjete.com\/index.php?rest_route=\/wp\/v2\/pages"}],"about":[{"href":"https:\/\/perjete.com\/index.php?rest_route=\/wp\/v2\/types\/page"}],"author":[{"embeddable":true,"href":"https:\/\/perjete.com\/index.php?rest_route=\/wp\/v2\/users\/1"}],"replies":[{"embeddable":true,"href":"https:\/\/perjete.com\/index.php?rest_route=%2Fwp%2Fv2%2Fcomments&post=1090"}],"version-history":[{"count":61,"href":"https:\/\/perjete.com\/index.php?rest_route=\/wp\/v2\/pages\/1090\/revisions"}],"predecessor-version":[{"id":1152,"href":"https:\/\/perjete.com\/index.php?rest_route=\/wp\/v2\/pages\/1090\/revisions\/1152"}],"wp:attachment":[{"href":"https:\/\/perjete.com\/index.php?rest_route=%2Fwp%2Fv2%2Fmedia&parent=1090"}],"curies":[{"name":"wp","href":"https:\/\/api.w.org\/{rel}","templated":true}]}}